{"id":4386,"date":"2022-09-24T12:14:27","date_gmt":"2022-09-24T12:14:27","guid":{"rendered":"http:\/\/kesekagidi.com.tr\/test\/?post_type=product&#038;p=4386"},"modified":"2022-09-24T12:14:27","modified_gmt":"2022-09-24T12:14:27","slug":"logo-baskili-40cmx40cm-kraft-pecete","status":"publish","type":"product","link":"http:\/\/kesekagidi.com.tr\/index.php\/urun\/logo-baskili-40cmx40cm-kraft-pecete\/","title":{"rendered":"Logo Bask\u0131l\u0131 40cmx40cm Kraft Pe\u00e7ete"},"content":{"rendered":"","protected":false},"excerpt":{"rendered":"","protected":false},"featured_media":0,"comment_status":"closed","ping_status":"closed","template":"","meta":{"_monsterinsights_skip_tracking":false,"_monsterinsights_sitenote_active":false,"_monsterinsights_sitenote_note":"","_monsterinsights_sitenote_category":0},"product_cat":[37],"product_tag":[],"aioseo_notices":[],"_links":{"self":[{"href":"http:\/\/kesekagidi.com.tr\/index.php\/wp-json\/wp\/v2\/product\/4386"}],"collection":[{"href":"http:\/\/kesekagidi.com.tr\/index.php\/wp-json\/wp\/v2\/product"}],"about":[{"href":"http:\/\/kesekagidi.com.tr\/index.php\/wp-json\/wp\/v2\/types\/product"}],"replies":[{"embeddable":true,"href":"http:\/\/kesekagidi.com.tr\/index.php\/wp-json\/wp\/v2\/comments?post=4386"}],"wp:attachment":[{"href":"http:\/\/kesekagidi.com.tr\/index.php\/wp-json\/wp\/v2\/media?parent=4386"}],"wp:term":[{"taxonomy":"product_cat","embeddable":true,"href":"http:\/\/kesekagidi.com.tr\/index.php\/wp-json\/wp\/v2\/product_cat?post=4386"},{"taxonomy":"product_tag","embeddable":true,"href":"http:\/\/kesekagidi.com.tr\/index.php\/wp-json\/wp\/v2\/product_tag?post=4386"}],"curies":[{"name":"wp","href":"https:\/\/api.w.org\/{rel}","templated":true}]}}