{"id":4392,"date":"2022-09-24T12:16:43","date_gmt":"2022-09-24T12:16:43","guid":{"rendered":"http:\/\/kesekagidi.com.tr\/test\/?post_type=product&#038;p=4392"},"modified":"2022-09-24T12:28:55","modified_gmt":"2022-09-24T12:28:55","slug":"2li-tasiyici","status":"publish","type":"product","link":"http:\/\/kesekagidi.com.tr\/index.php\/urun\/2li-tasiyici\/","title":{"rendered":"2\u2019li Ta\u015f\u0131y\u0131c\u0131"},"content":{"rendered":"","protected":false},"excerpt":{"rendered":"","protected":false},"featured_media":4366,"comment_status":"closed","ping_status":"closed","template":"","meta":{"_mi_skip_tracking":false},"product_cat":[33],"product_tag":[],"aioseo_notices":[],"_links":{"self":[{"href":"http:\/\/kesekagidi.com.tr\/index.php\/wp-json\/wp\/v2\/product\/4392"}],"collection":[{"href":"http:\/\/kesekagidi.com.tr\/index.php\/wp-json\/wp\/v2\/product"}],"about":[{"href":"http:\/\/kesekagidi.com.tr\/index.php\/wp-json\/wp\/v2\/types\/product"}],"replies":[{"embeddable":true,"href":"http:\/\/kesekagidi.com.tr\/index.php\/wp-json\/wp\/v2\/comments?post=4392"}],"wp:featuredmedia":[{"embeddable":true,"href":"http:\/\/kesekagidi.com.tr\/index.php\/wp-json\/wp\/v2\/media\/4366"}],"wp:attachment":[{"href":"http:\/\/kesekagidi.com.tr\/index.php\/wp-json\/wp\/v2\/media?parent=4392"}],"wp:term":[{"taxonomy":"product_cat","embeddable":true,"href":"http:\/\/kesekagidi.com.tr\/index.php\/wp-json\/wp\/v2\/product_cat?post=4392"},{"taxonomy":"product_tag","embeddable":true,"href":"http:\/\/kesekagidi.com.tr\/index.php\/wp-json\/wp\/v2\/product_tag?post=4392"}],"curies":[{"name":"wp","href":"https:\/\/api.w.org\/{rel}","templated":true}]}}