{"id":4398,"date":"2022-09-24T12:19:09","date_gmt":"2022-09-24T12:19:09","guid":{"rendered":"http:\/\/kesekagidi.com.tr\/test\/?post_type=product&#038;p=4398"},"modified":"2022-09-24T12:26:45","modified_gmt":"2022-09-24T12:26:45","slug":"sicak-icecek-kapagi","status":"publish","type":"product","link":"http:\/\/kesekagidi.com.tr\/index.php\/urun\/sicak-icecek-kapagi\/","title":{"rendered":"S\u0131cak \u0130\u00e7ecek Kapa\u011f\u0131"},"content":{"rendered":"","protected":false},"excerpt":{"rendered":"","protected":false},"featured_media":4373,"comment_status":"closed","ping_status":"closed","template":"","meta":{"_monsterinsights_skip_tracking":false,"_monsterinsights_sitenote_active":false,"_monsterinsights_sitenote_note":"","_monsterinsights_sitenote_category":0},"product_cat":[41],"product_tag":[],"aioseo_notices":[],"_links":{"self":[{"href":"http:\/\/kesekagidi.com.tr\/index.php\/wp-json\/wp\/v2\/product\/4398"}],"collection":[{"href":"http:\/\/kesekagidi.com.tr\/index.php\/wp-json\/wp\/v2\/product"}],"about":[{"href":"http:\/\/kesekagidi.com.tr\/index.php\/wp-json\/wp\/v2\/types\/product"}],"replies":[{"embeddable":true,"href":"http:\/\/kesekagidi.com.tr\/index.php\/wp-json\/wp\/v2\/comments?post=4398"}],"wp:featuredmedia":[{"embeddable":true,"href":"http:\/\/kesekagidi.com.tr\/index.php\/wp-json\/wp\/v2\/media\/4373"}],"wp:attachment":[{"href":"http:\/\/kesekagidi.com.tr\/index.php\/wp-json\/wp\/v2\/media?parent=4398"}],"wp:term":[{"taxonomy":"product_cat","embeddable":true,"href":"http:\/\/kesekagidi.com.tr\/index.php\/wp-json\/wp\/v2\/product_cat?post=4398"},{"taxonomy":"product_tag","embeddable":true,"href":"http:\/\/kesekagidi.com.tr\/index.php\/wp-json\/wp\/v2\/product_tag?post=4398"}],"curies":[{"name":"wp","href":"https:\/\/api.w.org\/{rel}","templated":true}]}}